{"id":72,"date":"2024-12-14T17:15:11","date_gmt":"2024-12-14T16:15:11","guid":{"rendered":"https:\/\/www.lepiscinierdulignon.fr\/?page_id=72"},"modified":"2024-12-30T19:21:31","modified_gmt":"2024-12-30T18:21:31","slug":"a-propos","status":"publish","type":"page","link":"https:\/\/www.lepiscinierdulignon.fr\/index.php\/a-propos\/","title":{"rendered":"A propos"},"content":{"rendered":"\t\t<div data-elementor-type=\"wp-page\" data-elementor-id=\"72\" class=\"elementor elementor-72\">\n\t\t\t\t<div class=\"has_eae_slider elementor-element elementor-element-0951b81 e-flex e-con-boxed wpr-particle-no wpr-jarallax-no wpr-parallax-no wpr-sticky-section-no e-con e-parent\" data-eae-slider=\"95217\" data-id=\"0951b81\" data-element_type=\"container\" data-e-type=\"container\">\n\t\t\t\t\t<div class=\"e-con-inner\">\n\t\t\t\t<div class=\"elementor-element elementor-element-1161cd8 elementor-widget elementor-widget-spacer\" data-id=\"1161cd8\" data-element_type=\"widget\" data-e-type=\"widget\" data-widget_type=\"spacer.default\">\n\t\t\t\t<div class=\"elementor-widget-container\">\n\t\t\t\t\t\t\t<div class=\"elementor-spacer\">\n\t\t\t<div class=\"elementor-spacer-inner\"><\/div>\n\t\t<\/div>\n\t\t\t\t\t\t<\/div>\n\t\t\t\t<\/div>\n\t\t\t\t\t<\/div>\n\t\t\t\t<\/div>\n\t\t<div class=\"has_eae_slider elementor-element elementor-element-226ad8a e-flex e-con-boxed wpr-particle-no wpr-jarallax-no wpr-parallax-no wpr-sticky-section-no e-con e-parent\" data-eae-slider=\"83101\" data-id=\"226ad8a\" data-element_type=\"container\" data-e-type=\"container\">\n\t\t\t\t\t<div class=\"e-con-inner\">\n\t\t<div class=\"has_eae_slider elementor-element elementor-element-d6b327d e-con-full e-flex wpr-particle-no wpr-jarallax-no wpr-parallax-no wpr-sticky-section-no e-con e-child\" data-eae-slider=\"98734\" data-id=\"d6b327d\" data-element_type=\"container\" data-e-type=\"container\">\n\t\t\t\t<div class=\"elementor-element elementor-element-d93ff68 elementor-widget elementor-widget-image\" data-id=\"d93ff68\" data-element_type=\"widget\" data-e-type=\"widget\" data-widget_type=\"image.default\">\n\t\t\t\t<div class=\"elementor-widget-container\">\n\t\t\t\t\t\t\t\t\t\t\t\t\t\t\t<img fetchpriority=\"high\" decoding=\"async\" width=\"800\" height=\"567\" src=\"https:\/\/www.lepiscinierdulignon.fr\/wp-content\/uploads\/2024\/12\/splash-1024x726.png\" class=\"attachment-large size-large wp-image-513\" alt=\"\" srcset=\"https:\/\/www.lepiscinierdulignon.fr\/wp-content\/uploads\/2024\/12\/splash-1024x726.png 1024w, https:\/\/www.lepiscinierdulignon.fr\/wp-content\/uploads\/2024\/12\/splash-300x213.png 300w, https:\/\/www.lepiscinierdulignon.fr\/wp-content\/uploads\/2024\/12\/splash-768x545.png 768w, https:\/\/www.lepiscinierdulignon.fr\/wp-content\/uploads\/2024\/12\/splash-1536x1090.png 1536w, https:\/\/www.lepiscinierdulignon.fr\/wp-content\/uploads\/2024\/12\/splash.png 1610w\" sizes=\"(max-width: 800px) 100vw, 800px\" \/>\t\t\t\t\t\t\t\t\t\t\t\t\t\t\t<\/div>\n\t\t\t\t<\/div>\n\t\t\t\t<div class=\"elementor-element elementor-element-991b09a elementor-widget elementor-widget-spacer\" data-id=\"991b09a\" data-element_type=\"widget\" data-e-type=\"widget\" data-widget_type=\"spacer.default\">\n\t\t\t\t<div class=\"elementor-widget-container\">\n\t\t\t\t\t\t\t<div class=\"elementor-spacer\">\n\t\t\t<div class=\"elementor-spacer-inner\"><\/div>\n\t\t<\/div>\n\t\t\t\t\t\t<\/div>\n\t\t\t\t<\/div>\n\t\t\t\t<\/div>\n\t\t<div class=\"has_eae_slider elementor-element elementor-element-4075908 e-con-full e-flex wpr-particle-no wpr-jarallax-no wpr-parallax-no wpr-sticky-section-no e-con e-child\" data-eae-slider=\"42294\" data-id=\"4075908\" data-element_type=\"container\" data-e-type=\"container\">\n\t\t\t\t<div class=\"elementor-element elementor-element-186b8be elementor-widget elementor-widget-heading\" data-id=\"186b8be\" data-element_type=\"widget\" data-e-type=\"widget\" data-widget_type=\"heading.default\">\n\t\t\t\t<div class=\"elementor-widget-container\">\n\t\t\t\t\t<h2 class=\"elementor-heading-title elementor-size-default\">Qui suis-je ?<\/h2>\t\t\t\t<\/div>\n\t\t\t\t<\/div>\n\t\t\t\t<div class=\"elementor-element elementor-element-bf26e84 elementor-widget elementor-widget-text-editor\" data-id=\"bf26e84\" data-element_type=\"widget\" data-e-type=\"widget\" data-widget_type=\"text-editor.default\">\n\t\t\t\t<div class=\"elementor-widget-container\">\n\t\t\t\t\t\t\t\t\t<p data-pm-slice=\"1 1 []\">Electrom\u00e9canicien de formation, j\u2019ai acquis plus de 20 ann\u00e9es d\u2019exp\u00e9rience au sein de l\u2019entreprise PISCINE DE FRANCE LA ROCHELLE (GADIN SAS). J\u2019ai pris la d\u00e9cision de cr\u00e9er mon propre service pour me consacrer exclusivement au service apr\u00e8s-vente (SAV) des piscines. Mon objectif est de vous garantir une piscine fonctionnelle et pr\u00eate \u00e0 l\u2019emploi pour les beaux jours.<\/p>\t\t\t\t\t\t\t\t<\/div>\n\t\t\t\t<\/div>\n\t\t\t\t<\/div>\n\t\t\t\t\t<\/div>\n\t\t\t\t<\/div>\n\t\t<div class=\"has_eae_slider elementor-element elementor-element-c45d756 e-flex e-con-boxed wpr-particle-no wpr-jarallax-no wpr-parallax-no wpr-sticky-section-no e-con e-parent\" data-eae-slider=\"91850\" data-id=\"c45d756\" data-element_type=\"container\" data-e-type=\"container\">\n\t\t\t\t\t<div class=\"e-con-inner\">\n\t\t<div class=\"has_eae_slider elementor-element elementor-element-f57d019 e-con-full e-flex wpr-particle-no wpr-jarallax-no wpr-parallax-no wpr-sticky-section-no e-con e-child\" data-eae-slider=\"10822\" data-id=\"f57d019\" data-element_type=\"container\" data-e-type=\"container\">\n\t\t\t\t<div class=\"elementor-element elementor-element-2705521 elementor-widget elementor-widget-image\" data-id=\"2705521\" data-element_type=\"widget\" data-e-type=\"widget\" data-widget_type=\"image.default\">\n\t\t\t\t<div class=\"elementor-widget-container\">\n\t\t\t\t\t\t\t\t\t\t\t\t\t\t\t<img decoding=\"async\" width=\"815\" height=\"690\" src=\"https:\/\/www.lepiscinierdulignon.fr\/wp-content\/uploads\/2024\/12\/Zone-de-service-piscinier-du-Lignon.png\" class=\"attachment-2048x2048 size-2048x2048 wp-image-216\" alt=\"Zone de service piscinier du Lignon\" srcset=\"https:\/\/www.lepiscinierdulignon.fr\/wp-content\/uploads\/2024\/12\/Zone-de-service-piscinier-du-Lignon.png 815w, https:\/\/www.lepiscinierdulignon.fr\/wp-content\/uploads\/2024\/12\/Zone-de-service-piscinier-du-Lignon-300x254.png 300w, https:\/\/www.lepiscinierdulignon.fr\/wp-content\/uploads\/2024\/12\/Zone-de-service-piscinier-du-Lignon-768x650.png 768w\" sizes=\"(max-width: 815px) 100vw, 815px\" \/>\t\t\t\t\t\t\t\t\t\t\t\t\t\t\t<\/div>\n\t\t\t\t<\/div>\n\t\t<div class=\"has_eae_slider elementor-element elementor-element-1c6b12c e-con-full animated-slow e-flex wpr-particle-no wpr-jarallax-no wpr-parallax-no wpr-sticky-section-no elementor-invisible e-con e-child\" data-eae-slider=\"93346\" data-id=\"1c6b12c\" data-element_type=\"container\" data-e-type=\"container\" data-settings=\"{&quot;animation&quot;:&quot;fadeInRight&quot;}\">\n\t\t\t\t<div class=\"elementor-element elementor-element-0f88144 wpr-lottie-svg elementor-widget elementor-widget-wpr-lottie-animations\" data-id=\"0f88144\" data-element_type=\"widget\" data-e-type=\"widget\" data-settings=\"{&quot;trigger&quot;:&quot;none&quot;}\" data-widget_type=\"wpr-lottie-animations.default\">\n\t\t\t\t<div class=\"elementor-widget-container\">\n\t\t\t\t\t<div class=\"wpr-lottie-animations-wrapper\"><div class=\"wpr-lottie-animations\" data-settings=\"{&quot;loop&quot;:&quot;yes&quot;,&quot;autoplay&quot;:&quot;yes&quot;,&quot;speed&quot;:0.6,&quot;trigger&quot;:&quot;none&quot;,&quot;reverse&quot;:&quot;&quot;,&quot;scroll_start&quot;:&quot;0&quot;,&quot;scroll_end&quot;:&quot;100&quot;,&quot;lottie_renderer&quot;:&quot;svg&quot;}\" data-json-url=\"https:\/\/lottie.host\/f2e72e21-425d-4d33-b8f5-c80e08e4a616\/7Jx8fNurZR.json\"><\/div><\/div>\t\t\t\t<\/div>\n\t\t\t\t<\/div>\n\t\t\t\t<\/div>\n\t\t\t\t<\/div>\n\t\t<div class=\"has_eae_slider elementor-element elementor-element-daa1390 e-con-full e-flex wpr-particle-no wpr-jarallax-no wpr-parallax-no wpr-sticky-section-no e-con e-child\" data-eae-slider=\"44324\" data-id=\"daa1390\" data-element_type=\"container\" data-e-type=\"container\">\n\t\t\t\t<div class=\"elementor-element elementor-element-e240727 elementor-widget elementor-widget-heading\" data-id=\"e240727\" data-element_type=\"widget\" data-e-type=\"widget\" data-widget_type=\"heading.default\">\n\t\t\t\t<div class=\"elementor-widget-container\">\n\t\t\t\t\t<h2 class=\"elementor-heading-title elementor-size-default\">Pourquoi me choisir ?<\/h2>\t\t\t\t<\/div>\n\t\t\t\t<\/div>\n\t\t\t\t<div class=\"elementor-element elementor-element-8383d32 elementor-widget elementor-widget-text-editor\" data-id=\"8383d32\" data-element_type=\"widget\" data-e-type=\"widget\" data-widget_type=\"text-editor.default\">\n\t\t\t\t<div class=\"elementor-widget-container\">\n\t\t\t\t\t\t\t\t\t<ul data-spread=\"false\" data-pm-slice=\"3 3 []\"><li><p><strong>Expertise<\/strong> : 25 ans d\u2019exp\u00e9rience dans le domaine des piscines, avec des prestations <strong>sans sous-traitance<\/strong> et couvertes par une <strong>assurance d\u00e9cennale<\/strong>.<\/p><\/li><li><p><strong>Proximit\u00e9<\/strong> : Interventions rapides dans un rayon de 30 km autour de Lagord.<\/p><\/li><li><p><strong>Services personnalis\u00e9s<\/strong> : Entretien, d\u00e9pannage, r\u00e9novation et SAV adapt\u00e9s \u00e0 vos besoins.<\/p><\/li><li><p><strong>Devis gratuit<\/strong> : Un simple appel suffit pour obtenir une estimation sans engagement.<\/p><\/li><\/ul>\t\t\t\t\t\t\t\t<\/div>\n\t\t\t\t<\/div>\n\t\t\t\t<\/div>\n\t\t\t\t\t<\/div>\n\t\t\t\t<\/div>\n\t\t<div class=\"has_eae_slider elementor-element elementor-element-66cf464 e-flex e-con-boxed wpr-particle-no wpr-jarallax-no wpr-parallax-no wpr-sticky-section-no e-con e-parent\" data-eae-slider=\"82049\" data-id=\"66cf464\" data-element_type=\"container\" data-e-type=\"container\">\n\t\t\t\t\t<div class=\"e-con-inner\">\n\t\t\t\t<div class=\"elementor-element elementor-element-4f376a4 elementor-widget elementor-widget-spacer\" data-id=\"4f376a4\" data-element_type=\"widget\" data-e-type=\"widget\" data-widget_type=\"spacer.default\">\n\t\t\t\t<div class=\"elementor-widget-container\">\n\t\t\t\t\t\t\t<div class=\"elementor-spacer\">\n\t\t\t<div class=\"elementor-spacer-inner\"><\/div>\n\t\t<\/div>\n\t\t\t\t\t\t<\/div>\n\t\t\t\t<\/div>\n\t\t\t\t\t<\/div>\n\t\t\t\t<\/div>\n\t\t<div class=\"has_eae_slider elementor-element elementor-element-a3656d5 e-flex e-con-boxed wpr-particle-no wpr-jarallax-no wpr-parallax-no wpr-sticky-section-no e-con e-parent\" data-eae-slider=\"26005\" data-id=\"a3656d5\" data-element_type=\"container\" data-e-type=\"container\" data-settings=\"{&quot;background_background&quot;:&quot;classic&quot;,&quot;shape_divider_top&quot;:&quot;waves&quot;,&quot;shape_divider_top_negative&quot;:&quot;yes&quot;}\">\n\t\t\t\t\t<div class=\"e-con-inner\">\n\t\t\t\t<div class=\"elementor-shape elementor-shape-top\" aria-hidden=\"true\" data-negative=\"true\">\n\t\t\t<svg xmlns=\"http:\/\/www.w3.org\/2000\/svg\" viewBox=\"0 0 1000 100\" preserveAspectRatio=\"none\">\n\t<path class=\"elementor-shape-fill\" d=\"M790.5,93.1c-59.3-5.3-116.8-18-192.6-50c-29.6-12.7-76.9-31-100.5-35.9c-23.6-4.9-52.6-7.8-75.5-5.3\n\tc-10.2,1.1-22.6,1.4-50.1,7.4c-27.2,6.3-58.2,16.6-79.4,24.7c-41.3,15.9-94.9,21.9-134,22.6C72,58.2,0,25.8,0,25.8V100h1000V65.3\n\tc0,0-51.5,19.4-106.2,25.7C839.5,97,814.1,95.2,790.5,93.1z\"\/>\n<\/svg>\t\t<\/div>\n\t\t\t\t<div class=\"elementor-element elementor-element-d2eaa3a elementor-widget elementor-widget-spacer\" data-id=\"d2eaa3a\" data-element_type=\"widget\" data-e-type=\"widget\" data-widget_type=\"spacer.default\">\n\t\t\t\t<div class=\"elementor-widget-container\">\n\t\t\t\t\t\t\t<div class=\"elementor-spacer\">\n\t\t\t<div class=\"elementor-spacer-inner\"><\/div>\n\t\t<\/div>\n\t\t\t\t\t\t<\/div>\n\t\t\t\t<\/div>\n\t\t\t\t<div class=\"elementor-element elementor-element-e6d80b9 elementor-widget elementor-widget-heading\" data-id=\"e6d80b9\" data-element_type=\"widget\" data-e-type=\"widget\" data-widget_type=\"heading.default\">\n\t\t\t\t<div class=\"elementor-widget-container\">\n\t\t\t\t\t<h2 class=\"elementor-heading-title elementor-size-default\">N'attendez plus , Contactez moi !<\/h2>\t\t\t\t<\/div>\n\t\t\t\t<\/div>\n\t\t\t\t<div class=\"elementor-element elementor-element-ca18cc3 elementor-widget elementor-widget-spacer\" data-id=\"ca18cc3\" data-element_type=\"widget\" data-e-type=\"widget\" data-widget_type=\"spacer.default\">\n\t\t\t\t<div class=\"elementor-widget-container\">\n\t\t\t\t\t\t\t<div class=\"elementor-spacer\">\n\t\t\t<div class=\"elementor-spacer-inner\"><\/div>\n\t\t<\/div>\n\t\t\t\t\t\t<\/div>\n\t\t\t\t<\/div>\n\t\t\t\t<div class=\"elementor-element elementor-element-a6d2cde elementor-align-center elementor-widget elementor-widget-button\" data-id=\"a6d2cde\" data-element_type=\"widget\" data-e-type=\"widget\" data-widget_type=\"button.default\">\n\t\t\t\t<div class=\"elementor-widget-container\">\n\t\t\t\t\t\t\t\t\t<div class=\"elementor-button-wrapper\">\n\t\t\t\t\t<a class=\"elementor-button elementor-button-link elementor-size-sm elementor-animation-grow\" href=\"https:\/\/www.lepiscinierdulignon.fr\/index.php\/contactez-nous\/\">\n\t\t\t\t\t\t<span class=\"elementor-button-content-wrapper\">\n\t\t\t\t\t\t<span class=\"elementor-button-icon\">\n\t\t\t\t<svg aria-hidden=\"true\" class=\"e-font-icon-svg e-far-arrow-alt-circle-right\" viewBox=\"0 0 512 512\" xmlns=\"http:\/\/www.w3.org\/2000\/svg\"><path d=\"M504 256C504 119 393 8 256 8S8 119 8 256s111 248 248 248 248-111 248-248zm-448 0c0-110.5 89.5-200 200-200s200 89.5 200 200-89.5 200-200 200S56 366.5 56 256zm72 20v-40c0-6.6 5.4-12 12-12h116v-67c0-10.7 12.9-16 20.5-8.5l99 99c4.7 4.7 4.7 12.3 0 17l-99 99c-7.6 7.6-20.5 2.2-20.5-8.5v-67H140c-6.6 0-12-5.4-12-12z\"><\/path><\/svg>\t\t\t<\/span>\n\t\t\t\t\t\t\t\t\t<span class=\"elementor-button-text\">Me contactez<\/span>\n\t\t\t\t\t<\/span>\n\t\t\t\t\t<\/a>\n\t\t\t\t<\/div>\n\t\t\t\t\t\t\t\t<\/div>\n\t\t\t\t<\/div>\n\t\t\t\t<div class=\"elementor-element elementor-element-15cc02d elementor-widget elementor-widget-spacer\" data-id=\"15cc02d\" data-element_type=\"widget\" data-e-type=\"widget\" data-widget_type=\"spacer.default\">\n\t\t\t\t<div class=\"elementor-widget-container\">\n\t\t\t\t\t\t\t<div class=\"elementor-spacer\">\n\t\t\t<div class=\"elementor-spacer-inner\"><\/div>\n\t\t<\/div>\n\t\t\t\t\t\t<\/div>\n\t\t\t\t<\/div>\n\t\t\t\t\t<\/div>\n\t\t\t\t<\/div>\n\t\t\t\t<\/div>\n\t\t","protected":false},"excerpt":{"rendered":"<p>Qui suis-je ? Electrom\u00e9canicien de formation, j\u2019ai acquis plus de 20 ann\u00e9es d\u2019exp\u00e9rience au sein de l\u2019entreprise PISCINE DE FRANCE LA ROCHELLE (GADIN SAS). J\u2019ai pris la d\u00e9cision de cr\u00e9er mon propre service pour me consacrer exclusivement au service apr\u00e8s-vente (SAV) des piscines. Mon objectif est de vous garantir une piscine fonctionnelle et pr\u00eate \u00e0 l\u2019emploi pour les beaux jours. Pourquoi me choisir ? Expertise : 25 ans d\u2019exp\u00e9rience dans le domaine des piscines, avec des prestations sans sous-traitance et couvertes par une assurance d\u00e9cennale. Proximit\u00e9 : Interventions rapides dans un rayon de 30 km autour de Lagord. Services personnalis\u00e9s : Entretien, d\u00e9pannage, r\u00e9novation et SAV adapt\u00e9s \u00e0 vos besoins. Devis gratuit : Un simple appel suffit pour obtenir une estimation sans engagement. N&rsquo;attendez plus , Contactez moi ! Me contactez<\/p>\n","protected":false},"author":1,"featured_media":15,"parent":0,"menu_order":0,"comment_status":"closed","ping_status":"closed","template":"","meta":{"footnotes":""},"class_list":["post-72","page","type-page","status-publish","has-post-thumbnail","hentry"],"yoast_head":"<!-- This site is optimized with the Yoast SEO plugin v27.3 - https:\/\/yoast.com\/product\/yoast-seo-wordpress\/ -->\n<title>\u00c0 propos - Le Piscinier du Lignon, expert piscine \u00e0 Lagord<\/title>\n<meta name=\"description\" content=\"D\u00e9couvrez Le Piscinier du Lignon, sp\u00e9cialiste piscine \u00e0 Lagord : expertise en entretien, r\u00e9novation et SAV pour piscines sur mesure.\" \/>\n<meta name=\"robots\" content=\"index, follow, max-snippet:-1, max-image-preview:large, max-video-preview:-1\" \/>\n<link rel=\"canonical\" href=\"https:\/\/www.lepiscinierdulignon.fr\/index.php\/a-propos\/\" \/>\n<meta property=\"og:locale\" content=\"fr_FR\" \/>\n<meta property=\"og:type\" content=\"article\" \/>\n<meta property=\"og:title\" content=\"\u00c0 propos - Le Piscinier du Lignon, expert piscine \u00e0 Lagord\" \/>\n<meta property=\"og:description\" content=\"D\u00e9couvrez Le Piscinier du Lignon, sp\u00e9cialiste piscine \u00e0 Lagord : expertise en entretien, r\u00e9novation et SAV pour piscines sur mesure.\" \/>\n<meta property=\"og:url\" content=\"https:\/\/www.lepiscinierdulignon.fr\/index.php\/a-propos\/\" \/>\n<meta property=\"og:site_name\" content=\"Pisciniste du Lignon\" \/>\n<meta property=\"article:modified_time\" content=\"2024-12-30T18:21:31+00:00\" \/>\n<meta property=\"og:image\" content=\"https:\/\/www.lepiscinierdulignon.fr\/wp-content\/uploads\/2024\/12\/IMG-20241201-WA0006-e1734347977132.jpg\" \/>\n\t<meta property=\"og:image:width\" content=\"1600\" \/>\n\t<meta property=\"og:image:height\" content=\"1333\" \/>\n\t<meta property=\"og:image:type\" content=\"image\/jpeg\" \/>\n<meta name=\"twitter:card\" content=\"summary_large_image\" \/>\n<meta name=\"twitter:label1\" content=\"Dur\u00e9e de lecture estim\u00e9e\" \/>\n\t<meta name=\"twitter:data1\" content=\"2 minutes\" \/>\n<script type=\"application\/ld+json\" class=\"yoast-schema-graph\">{\"@context\":\"https:\\\/\\\/schema.org\",\"@graph\":[{\"@type\":\"WebPage\",\"@id\":\"https:\\\/\\\/www.lepiscinierdulignon.fr\\\/index.php\\\/a-propos\\\/\",\"url\":\"https:\\\/\\\/www.lepiscinierdulignon.fr\\\/index.php\\\/a-propos\\\/\",\"name\":\"\u00c0 propos - Le Piscinier du Lignon, expert piscine \u00e0 Lagord\",\"isPartOf\":{\"@id\":\"https:\\\/\\\/www.lepiscinierdulignon.fr\\\/#website\"},\"primaryImageOfPage\":{\"@id\":\"https:\\\/\\\/www.lepiscinierdulignon.fr\\\/index.php\\\/a-propos\\\/#primaryimage\"},\"image\":{\"@id\":\"https:\\\/\\\/www.lepiscinierdulignon.fr\\\/index.php\\\/a-propos\\\/#primaryimage\"},\"thumbnailUrl\":\"https:\\\/\\\/www.lepiscinierdulignon.fr\\\/wp-content\\\/uploads\\\/2024\\\/12\\\/IMG-20241201-WA0006-e1734347977132.jpg\",\"datePublished\":\"2024-12-14T16:15:11+00:00\",\"dateModified\":\"2024-12-30T18:21:31+00:00\",\"description\":\"D\u00e9couvrez Le Piscinier du Lignon, sp\u00e9cialiste piscine \u00e0 Lagord : expertise en entretien, r\u00e9novation et SAV pour piscines sur mesure.\",\"breadcrumb\":{\"@id\":\"https:\\\/\\\/www.lepiscinierdulignon.fr\\\/index.php\\\/a-propos\\\/#breadcrumb\"},\"inLanguage\":\"fr-FR\",\"potentialAction\":[{\"@type\":\"ReadAction\",\"target\":[\"https:\\\/\\\/www.lepiscinierdulignon.fr\\\/index.php\\\/a-propos\\\/\"]}]},{\"@type\":\"ImageObject\",\"inLanguage\":\"fr-FR\",\"@id\":\"https:\\\/\\\/www.lepiscinierdulignon.fr\\\/index.php\\\/a-propos\\\/#primaryimage\",\"url\":\"https:\\\/\\\/www.lepiscinierdulignon.fr\\\/wp-content\\\/uploads\\\/2024\\\/12\\\/IMG-20241201-WA0006-e1734347977132.jpg\",\"contentUrl\":\"https:\\\/\\\/www.lepiscinierdulignon.fr\\\/wp-content\\\/uploads\\\/2024\\\/12\\\/IMG-20241201-WA0006-e1734347977132.jpg\",\"width\":1600,\"height\":1333},{\"@type\":\"BreadcrumbList\",\"@id\":\"https:\\\/\\\/www.lepiscinierdulignon.fr\\\/index.php\\\/a-propos\\\/#breadcrumb\",\"itemListElement\":[{\"@type\":\"ListItem\",\"position\":1,\"name\":\"Accueil\",\"item\":\"https:\\\/\\\/www.lepiscinierdulignon.fr\\\/\"},{\"@type\":\"ListItem\",\"position\":2,\"name\":\"A propos\"}]},{\"@type\":\"WebSite\",\"@id\":\"https:\\\/\\\/www.lepiscinierdulignon.fr\\\/#website\",\"url\":\"https:\\\/\\\/www.lepiscinierdulignon.fr\\\/\",\"name\":\"Pisciniste du Lignon\",\"description\":\"\",\"publisher\":{\"@id\":\"https:\\\/\\\/www.lepiscinierdulignon.fr\\\/#organization\"},\"potentialAction\":[{\"@type\":\"SearchAction\",\"target\":{\"@type\":\"EntryPoint\",\"urlTemplate\":\"https:\\\/\\\/www.lepiscinierdulignon.fr\\\/?s={search_term_string}\"},\"query-input\":{\"@type\":\"PropertyValueSpecification\",\"valueRequired\":true,\"valueName\":\"search_term_string\"}}],\"inLanguage\":\"fr-FR\"},{\"@type\":\"Organization\",\"@id\":\"https:\\\/\\\/www.lepiscinierdulignon.fr\\\/#organization\",\"name\":\"Pisciniste du Lignon\",\"url\":\"https:\\\/\\\/www.lepiscinierdulignon.fr\\\/\",\"logo\":{\"@type\":\"ImageObject\",\"inLanguage\":\"fr-FR\",\"@id\":\"https:\\\/\\\/www.lepiscinierdulignon.fr\\\/#\\\/schema\\\/logo\\\/image\\\/\",\"url\":\"https:\\\/\\\/www.lepiscinierdulignon.fr\\\/wp-content\\\/uploads\\\/2024\\\/12\\\/cropped-1902-LPDL-logo-ok-modifie-1.png\",\"contentUrl\":\"https:\\\/\\\/www.lepiscinierdulignon.fr\\\/wp-content\\\/uploads\\\/2024\\\/12\\\/cropped-1902-LPDL-logo-ok-modifie-1.png\",\"width\":1162,\"height\":1082,\"caption\":\"Pisciniste du Lignon\"},\"image\":{\"@id\":\"https:\\\/\\\/www.lepiscinierdulignon.fr\\\/#\\\/schema\\\/logo\\\/image\\\/\"}}]}<\/script>\n<!-- \/ Yoast SEO plugin. -->","yoast_head_json":{"title":"\u00c0 propos - Le Piscinier du Lignon, expert piscine \u00e0 Lagord","description":"D\u00e9couvrez Le Piscinier du Lignon, sp\u00e9cialiste piscine \u00e0 Lagord : expertise en entretien, r\u00e9novation et SAV pour piscines sur mesure.","robots":{"index":"index","follow":"follow","max-snippet":"max-snippet:-1","max-image-preview":"max-image-preview:large","max-video-preview":"max-video-preview:-1"},"canonical":"https:\/\/www.lepiscinierdulignon.fr\/index.php\/a-propos\/","og_locale":"fr_FR","og_type":"article","og_title":"\u00c0 propos - Le Piscinier du Lignon, expert piscine \u00e0 Lagord","og_description":"D\u00e9couvrez Le Piscinier du Lignon, sp\u00e9cialiste piscine \u00e0 Lagord : expertise en entretien, r\u00e9novation et SAV pour piscines sur mesure.","og_url":"https:\/\/www.lepiscinierdulignon.fr\/index.php\/a-propos\/","og_site_name":"Pisciniste du Lignon","article_modified_time":"2024-12-30T18:21:31+00:00","og_image":[{"width":1600,"height":1333,"url":"https:\/\/www.lepiscinierdulignon.fr\/wp-content\/uploads\/2024\/12\/IMG-20241201-WA0006-e1734347977132.jpg","type":"image\/jpeg"}],"twitter_card":"summary_large_image","twitter_misc":{"Dur\u00e9e de lecture estim\u00e9e":"2 minutes"},"schema":{"@context":"https:\/\/schema.org","@graph":[{"@type":"WebPage","@id":"https:\/\/www.lepiscinierdulignon.fr\/index.php\/a-propos\/","url":"https:\/\/www.lepiscinierdulignon.fr\/index.php\/a-propos\/","name":"\u00c0 propos - Le Piscinier du Lignon, expert piscine \u00e0 Lagord","isPartOf":{"@id":"https:\/\/www.lepiscinierdulignon.fr\/#website"},"primaryImageOfPage":{"@id":"https:\/\/www.lepiscinierdulignon.fr\/index.php\/a-propos\/#primaryimage"},"image":{"@id":"https:\/\/www.lepiscinierdulignon.fr\/index.php\/a-propos\/#primaryimage"},"thumbnailUrl":"https:\/\/www.lepiscinierdulignon.fr\/wp-content\/uploads\/2024\/12\/IMG-20241201-WA0006-e1734347977132.jpg","datePublished":"2024-12-14T16:15:11+00:00","dateModified":"2024-12-30T18:21:31+00:00","description":"D\u00e9couvrez Le Piscinier du Lignon, sp\u00e9cialiste piscine \u00e0 Lagord : expertise en entretien, r\u00e9novation et SAV pour piscines sur mesure.","breadcrumb":{"@id":"https:\/\/www.lepiscinierdulignon.fr\/index.php\/a-propos\/#breadcrumb"},"inLanguage":"fr-FR","potentialAction":[{"@type":"ReadAction","target":["https:\/\/www.lepiscinierdulignon.fr\/index.php\/a-propos\/"]}]},{"@type":"ImageObject","inLanguage":"fr-FR","@id":"https:\/\/www.lepiscinierdulignon.fr\/index.php\/a-propos\/#primaryimage","url":"https:\/\/www.lepiscinierdulignon.fr\/wp-content\/uploads\/2024\/12\/IMG-20241201-WA0006-e1734347977132.jpg","contentUrl":"https:\/\/www.lepiscinierdulignon.fr\/wp-content\/uploads\/2024\/12\/IMG-20241201-WA0006-e1734347977132.jpg","width":1600,"height":1333},{"@type":"BreadcrumbList","@id":"https:\/\/www.lepiscinierdulignon.fr\/index.php\/a-propos\/#breadcrumb","itemListElement":[{"@type":"ListItem","position":1,"name":"Accueil","item":"https:\/\/www.lepiscinierdulignon.fr\/"},{"@type":"ListItem","position":2,"name":"A propos"}]},{"@type":"WebSite","@id":"https:\/\/www.lepiscinierdulignon.fr\/#website","url":"https:\/\/www.lepiscinierdulignon.fr\/","name":"Pisciniste du Lignon","description":"","publisher":{"@id":"https:\/\/www.lepiscinierdulignon.fr\/#organization"},"potentialAction":[{"@type":"SearchAction","target":{"@type":"EntryPoint","urlTemplate":"https:\/\/www.lepiscinierdulignon.fr\/?s={search_term_string}"},"query-input":{"@type":"PropertyValueSpecification","valueRequired":true,"valueName":"search_term_string"}}],"inLanguage":"fr-FR"},{"@type":"Organization","@id":"https:\/\/www.lepiscinierdulignon.fr\/#organization","name":"Pisciniste du Lignon","url":"https:\/\/www.lepiscinierdulignon.fr\/","logo":{"@type":"ImageObject","inLanguage":"fr-FR","@id":"https:\/\/www.lepiscinierdulignon.fr\/#\/schema\/logo\/image\/","url":"https:\/\/www.lepiscinierdulignon.fr\/wp-content\/uploads\/2024\/12\/cropped-1902-LPDL-logo-ok-modifie-1.png","contentUrl":"https:\/\/www.lepiscinierdulignon.fr\/wp-content\/uploads\/2024\/12\/cropped-1902-LPDL-logo-ok-modifie-1.png","width":1162,"height":1082,"caption":"Pisciniste du Lignon"},"image":{"@id":"https:\/\/www.lepiscinierdulignon.fr\/#\/schema\/logo\/image\/"}}]}},"_links":{"self":[{"href":"https:\/\/www.lepiscinierdulignon.fr\/index.php\/wp-json\/wp\/v2\/pages\/72","targetHints":{"allow":["GET"]}}],"collection":[{"href":"https:\/\/www.lepiscinierdulignon.fr\/index.php\/wp-json\/wp\/v2\/pages"}],"about":[{"href":"https:\/\/www.lepiscinierdulignon.fr\/index.php\/wp-json\/wp\/v2\/types\/page"}],"author":[{"embeddable":true,"href":"https:\/\/www.lepiscinierdulignon.fr\/index.php\/wp-json\/wp\/v2\/users\/1"}],"replies":[{"embeddable":true,"href":"https:\/\/www.lepiscinierdulignon.fr\/index.php\/wp-json\/wp\/v2\/comments?post=72"}],"version-history":[{"count":55,"href":"https:\/\/www.lepiscinierdulignon.fr\/index.php\/wp-json\/wp\/v2\/pages\/72\/revisions"}],"predecessor-version":[{"id":1250,"href":"https:\/\/www.lepiscinierdulignon.fr\/index.php\/wp-json\/wp\/v2\/pages\/72\/revisions\/1250"}],"wp:featuredmedia":[{"embeddable":true,"href":"https:\/\/www.lepiscinierdulignon.fr\/index.php\/wp-json\/wp\/v2\/media\/15"}],"wp:attachment":[{"href":"https:\/\/www.lepiscinierdulignon.fr\/index.php\/wp-json\/wp\/v2\/media?parent=72"}],"curies":[{"name":"wp","href":"https:\/\/api.w.org\/{rel}","templated":true}]}}