{"id":80,"date":"2024-12-14T17:25:34","date_gmt":"2024-12-14T16:25:34","guid":{"rendered":"https:\/\/www.lepiscinierdulignon.fr\/?page_id=80"},"modified":"2024-12-30T19:19:29","modified_gmt":"2024-12-30T18:19:29","slug":"construction-de-piscines-neuves","status":"publish","type":"page","link":"https:\/\/www.lepiscinierdulignon.fr\/index.php\/construction-de-piscines-neuves\/","title":{"rendered":"Construction de piscines neuves"},"content":{"rendered":"\t\t<div data-elementor-type=\"wp-page\" data-elementor-id=\"80\" class=\"elementor elementor-80\">\n\t\t\t\t<div class=\"has_eae_slider elementor-element elementor-element-3da5a24d e-flex e-con-boxed wpr-particle-no wpr-jarallax-no wpr-parallax-no wpr-sticky-section-no e-con e-parent\" data-eae-slider=\"63577\" data-id=\"3da5a24d\" data-element_type=\"container\" data-e-type=\"container\" data-settings=\"{&quot;background_background&quot;:&quot;classic&quot;}\">\n\t\t\t\t\t<div class=\"e-con-inner\">\n\t\t\t\t<div class=\"elementor-element elementor-element-7abb1840 elementor-widget elementor-widget-heading\" data-id=\"7abb1840\" data-element_type=\"widget\" data-e-type=\"widget\" data-widget_type=\"heading.default\">\n\t\t\t\t<div class=\"elementor-widget-container\">\n\t\t\t\t\t<h1 class=\"elementor-heading-title elementor-size-default\">Construction de piscines neuves<\/h1>\t\t\t\t<\/div>\n\t\t\t\t<\/div>\n\t\t\t\t<div class=\"elementor-element elementor-element-4e7a6951 elementor-view-default elementor-widget elementor-widget-icon\" data-id=\"4e7a6951\" data-element_type=\"widget\" data-e-type=\"widget\" data-widget_type=\"icon.default\">\n\t\t\t\t<div class=\"elementor-widget-container\">\n\t\t\t\t\t\t\t<div class=\"elementor-icon-wrapper\">\n\t\t\t<a class=\"elementor-icon\" href=\"#neuves\">\n\t\t\t<svg aria-hidden=\"true\" class=\"e-font-icon-svg e-far-arrow-alt-circle-down\" viewBox=\"0 0 512 512\" xmlns=\"http:\/\/www.w3.org\/2000\/svg\"><path d=\"M256 8C119 8 8 119 8 256s111 248 248 248 248-111 248-248S393 8 256 8zm0 448c-110.5 0-200-89.5-200-200S145.5 56 256 56s200 89.5 200 200-89.5 200-200 200zm-32-316v116h-67c-10.7 0-16 12.9-8.5 20.5l99 99c4.7 4.7 12.3 4.7 17 0l99-99c7.6-7.6 2.2-20.5-8.5-20.5h-67V140c0-6.6-5.4-12-12-12h-40c-6.6 0-12 5.4-12 12z\"><\/path><\/svg>\t\t\t<\/a>\n\t\t<\/div>\n\t\t\t\t\t\t<\/div>\n\t\t\t\t<\/div>\n\t\t\t\t\t<\/div>\n\t\t\t\t<\/div>\n\t\t<div class=\"has_eae_slider elementor-element elementor-element-5d4187d9 e-flex e-con-boxed wpr-particle-no wpr-jarallax-no wpr-parallax-no wpr-sticky-section-no e-con e-parent\" data-eae-slider=\"61470\" data-id=\"5d4187d9\" data-element_type=\"container\" data-e-type=\"container\">\n\t\t\t\t\t<div class=\"e-con-inner\">\n\t\t\t\t<div class=\"elementor-element elementor-element-42327611 elementor-widget elementor-widget-menu-anchor\" data-id=\"42327611\" data-element_type=\"widget\" data-e-type=\"widget\" data-widget_type=\"menu-anchor.default\">\n\t\t\t\t<div class=\"elementor-widget-container\">\n\t\t\t\t\t\t\t<div class=\"elementor-menu-anchor\" id=\"neuves\"><\/div>\n\t\t\t\t\t\t<\/div>\n\t\t\t\t<\/div>\n\t\t\t\t\t<\/div>\n\t\t\t\t<\/div>\n\t\t<div class=\"has_eae_slider elementor-element elementor-element-557e2aa e-flex e-con-boxed wpr-particle-no wpr-jarallax-no wpr-parallax-no wpr-sticky-section-no e-con e-parent\" data-eae-slider=\"46328\" data-id=\"557e2aa\" data-element_type=\"container\" data-e-type=\"container\">\n\t\t\t\t\t<div class=\"e-con-inner\">\n\t\t<div class=\"has_eae_slider elementor-element elementor-element-70df8b74 e-con-full e-flex wpr-particle-no wpr-jarallax-no wpr-parallax-no wpr-sticky-section-no e-con e-child\" data-eae-slider=\"27985\" data-id=\"70df8b74\" data-element_type=\"container\" data-e-type=\"container\">\n\t\t\t\t<div class=\"elementor-element elementor-element-fab5096 elementor-widget elementor-widget-ep-image-comparison\" data-id=\"fab5096\" data-element_type=\"widget\" data-e-type=\"widget\" data-widget_type=\"ep-image-comparison.default\">\n\t\t\t\t<div class=\"elementor-widget-container\">\n\t\t\t\t\t\t\t\t\t<div id=\"ep-ic-fab5096\" data-offset=\"0.5\" data-orientation=\"horizontal\" data-before-label=\"Avant\" data-after-label=\"Apr\u00e8s\" data-overlay=\"false\" data-hover=\"false\" data-handle=\"false\" data-click=\"true\">\n\t\t\t\t\t<img decoding=\"async\" src=\"https:\/\/www.lepiscinierdulignon.fr\/wp-content\/uploads\/2024\/12\/Capture-decran-2024-12-30-175705.png\" title=\"\" alt=\"\" loading=\"lazy\" \/>\t\t\t\t\t<img decoding=\"async\" src=\"https:\/\/www.lepiscinierdulignon.fr\/wp-content\/uploads\/2024\/12\/Capture-decran-2024-12-30-175712.png\" title=\"\" alt=\"\" loading=\"lazy\" \/>\t\t\t\t<\/div>\n\t\t\t\t<script>\n\t\t\t\t\tjQuery(document).ready(function () {\n\t\t\t\t\t\tjQuery(document).trigger('elementor\/render\/ep_image_comparison', '#ep-ic-fab5096');\n\t\t\t\t\t});\n\t\t\t\t<\/script>\n\t\t\t\t\t\t\t<\/div>\n\t\t\t\t<\/div>\n\t\t\t\t<\/div>\n\t\t<div class=\"has_eae_slider elementor-element elementor-element-f444321 e-con-full e-flex wpr-particle-no wpr-jarallax-no wpr-parallax-no wpr-sticky-section-no e-con e-child\" data-eae-slider=\"85809\" data-id=\"f444321\" data-element_type=\"container\" data-e-type=\"container\">\n\t\t\t\t<div class=\"elementor-element elementor-element-263ccda9 elementor-widget elementor-widget-heading\" data-id=\"263ccda9\" data-element_type=\"widget\" data-e-type=\"widget\" data-widget_type=\"heading.default\">\n\t\t\t\t<div class=\"elementor-widget-container\">\n\t\t\t\t\t<h2 class=\"elementor-heading-title elementor-size-default\">Piscines en b\u00e9ton traditionnelles sur mesure\n\n\n\n\n<\/h2>\t\t\t\t<\/div>\n\t\t\t\t<\/div>\n\t\t\t\t<div class=\"elementor-element elementor-element-65e0223d elementor-widget elementor-widget-text-editor\" data-id=\"65e0223d\" data-element_type=\"widget\" data-e-type=\"widget\" data-widget_type=\"text-editor.default\">\n\t\t\t\t<div class=\"elementor-widget-container\">\n\t\t\t\t\t\t\t\t\t<p>Je con\u00e7ois des piscines en b\u00e9ton parpaing, alliant robustesse et esth\u00e9tique. Chaque projet est enti\u00e8rement personnalis\u00e9 pour s\u2019adapter \u00e0 vos envies et \u00e0 votre espace : formes, dimensions et finitions sont modulables selon vos besoins. Faites le choix d\u2019un bassin durable, pens\u00e9 pour vous offrir confort et \u00e9l\u00e9gance au quotidien.<\/p>\t\t\t\t\t\t\t\t<\/div>\n\t\t\t\t<\/div>\n\t\t\t\t<\/div>\n\t\t\t\t\t<\/div>\n\t\t\t\t<\/div>\n\t\t<div class=\"has_eae_slider elementor-element elementor-element-4dd12490 e-flex e-con-boxed wpr-particle-no wpr-jarallax-no wpr-parallax-no wpr-sticky-section-no e-con e-parent\" data-eae-slider=\"23411\" data-id=\"4dd12490\" data-element_type=\"container\" data-e-type=\"container\">\n\t\t\t\t\t<div class=\"e-con-inner\">\n\t\t\t\t<div class=\"elementor-element elementor-element-375095f9 elementor-widget elementor-widget-spacer\" data-id=\"375095f9\" data-element_type=\"widget\" data-e-type=\"widget\" data-widget_type=\"spacer.default\">\n\t\t\t\t<div class=\"elementor-widget-container\">\n\t\t\t\t\t\t\t<div class=\"elementor-spacer\">\n\t\t\t<div class=\"elementor-spacer-inner\"><\/div>\n\t\t<\/div>\n\t\t\t\t\t\t<\/div>\n\t\t\t\t<\/div>\n\t\t\t\t\t<\/div>\n\t\t\t\t<\/div>\n\t\t<div class=\"has_eae_slider elementor-element elementor-element-65f9c946 e-flex e-con-boxed wpr-particle-no wpr-jarallax-no wpr-parallax-no wpr-sticky-section-no e-con e-parent\" data-eae-slider=\"27014\" data-id=\"65f9c946\" data-element_type=\"container\" data-e-type=\"container\" data-settings=\"{&quot;background_background&quot;:&quot;classic&quot;,&quot;shape_divider_top&quot;:&quot;waves&quot;,&quot;shape_divider_top_negative&quot;:&quot;yes&quot;}\">\n\t\t\t\t\t<div class=\"e-con-inner\">\n\t\t\t\t<div class=\"elementor-shape elementor-shape-top\" aria-hidden=\"true\" data-negative=\"true\">\n\t\t\t<svg xmlns=\"http:\/\/www.w3.org\/2000\/svg\" viewBox=\"0 0 1000 100\" preserveAspectRatio=\"none\">\n\t<path class=\"elementor-shape-fill\" d=\"M790.5,93.1c-59.3-5.3-116.8-18-192.6-50c-29.6-12.7-76.9-31-100.5-35.9c-23.6-4.9-52.6-7.8-75.5-5.3\n\tc-10.2,1.1-22.6,1.4-50.1,7.4c-27.2,6.3-58.2,16.6-79.4,24.7c-41.3,15.9-94.9,21.9-134,22.6C72,58.2,0,25.8,0,25.8V100h1000V65.3\n\tc0,0-51.5,19.4-106.2,25.7C839.5,97,814.1,95.2,790.5,93.1z\"\/>\n<\/svg>\t\t<\/div>\n\t\t\t\t<div class=\"elementor-element elementor-element-f3c8d63 elementor-widget elementor-widget-spacer\" data-id=\"f3c8d63\" data-element_type=\"widget\" data-e-type=\"widget\" data-widget_type=\"spacer.default\">\n\t\t\t\t<div class=\"elementor-widget-container\">\n\t\t\t\t\t\t\t<div class=\"elementor-spacer\">\n\t\t\t<div class=\"elementor-spacer-inner\"><\/div>\n\t\t<\/div>\n\t\t\t\t\t\t<\/div>\n\t\t\t\t<\/div>\n\t\t\t\t<div class=\"elementor-element elementor-element-4d366394 elementor-widget elementor-widget-heading\" data-id=\"4d366394\" data-element_type=\"widget\" data-e-type=\"widget\" data-widget_type=\"heading.default\">\n\t\t\t\t<div class=\"elementor-widget-container\">\n\t\t\t\t\t<h2 class=\"elementor-heading-title elementor-size-default\">N'attendez plus , Contactez moi !<\/h2>\t\t\t\t<\/div>\n\t\t\t\t<\/div>\n\t\t\t\t<div class=\"elementor-element elementor-element-3b659415 elementor-widget elementor-widget-spacer\" data-id=\"3b659415\" data-element_type=\"widget\" data-e-type=\"widget\" data-widget_type=\"spacer.default\">\n\t\t\t\t<div class=\"elementor-widget-container\">\n\t\t\t\t\t\t\t<div class=\"elementor-spacer\">\n\t\t\t<div class=\"elementor-spacer-inner\"><\/div>\n\t\t<\/div>\n\t\t\t\t\t\t<\/div>\n\t\t\t\t<\/div>\n\t\t\t\t<div class=\"elementor-element elementor-element-1092a30e elementor-align-center elementor-widget elementor-widget-button\" data-id=\"1092a30e\" data-element_type=\"widget\" data-e-type=\"widget\" data-widget_type=\"button.default\">\n\t\t\t\t<div class=\"elementor-widget-container\">\n\t\t\t\t\t\t\t\t\t<div class=\"elementor-button-wrapper\">\n\t\t\t\t\t<a class=\"elementor-button elementor-button-link elementor-size-sm elementor-animation-grow\" href=\"https:\/\/www.lepiscinierdulignon.fr\/index.php\/contactez-nous\/\">\n\t\t\t\t\t\t<span class=\"elementor-button-content-wrapper\">\n\t\t\t\t\t\t<span class=\"elementor-button-icon\">\n\t\t\t\t<svg aria-hidden=\"true\" class=\"e-font-icon-svg e-far-arrow-alt-circle-right\" viewBox=\"0 0 512 512\" xmlns=\"http:\/\/www.w3.org\/2000\/svg\"><path d=\"M504 256C504 119 393 8 256 8S8 119 8 256s111 248 248 248 248-111 248-248zm-448 0c0-110.5 89.5-200 200-200s200 89.5 200 200-89.5 200-200 200S56 366.5 56 256zm72 20v-40c0-6.6 5.4-12 12-12h116v-67c0-10.7 12.9-16 20.5-8.5l99 99c4.7 4.7 4.7 12.3 0 17l-99 99c-7.6 7.6-20.5 2.2-20.5-8.5v-67H140c-6.6 0-12-5.4-12-12z\"><\/path><\/svg>\t\t\t<\/span>\n\t\t\t\t\t\t\t\t\t<span class=\"elementor-button-text\">Me contactez<\/span>\n\t\t\t\t\t<\/span>\n\t\t\t\t\t<\/a>\n\t\t\t\t<\/div>\n\t\t\t\t\t\t\t\t<\/div>\n\t\t\t\t<\/div>\n\t\t\t\t<div class=\"elementor-element elementor-element-4af0a048 elementor-widget elementor-widget-spacer\" data-id=\"4af0a048\" data-element_type=\"widget\" data-e-type=\"widget\" data-widget_type=\"spacer.default\">\n\t\t\t\t<div class=\"elementor-widget-container\">\n\t\t\t\t\t\t\t<div class=\"elementor-spacer\">\n\t\t\t<div class=\"elementor-spacer-inner\"><\/div>\n\t\t<\/div>\n\t\t\t\t\t\t<\/div>\n\t\t\t\t<\/div>\n\t\t\t\t\t<\/div>\n\t\t\t\t<\/div>\n\t\t\t\t<\/div>\n\t\t","protected":false},"excerpt":{"rendered":"<p>Construction de piscines neuves Piscines en b\u00e9ton traditionnelles sur mesure Je con\u00e7ois des piscines en b\u00e9ton parpaing, alliant robustesse et esth\u00e9tique. Chaque projet est enti\u00e8rement personnalis\u00e9 pour s\u2019adapter \u00e0 vos envies et \u00e0 votre espace : formes, dimensions et finitions sont modulables selon vos besoins. Faites le choix d\u2019un bassin durable, pens\u00e9 pour vous offrir confort et \u00e9l\u00e9gance au quotidien. N&rsquo;attendez plus , Contactez moi ! Me contactez<\/p>\n","protected":false},"author":1,"featured_media":0,"parent":0,"menu_order":0,"comment_status":"closed","ping_status":"closed","template":"","meta":{"footnotes":""},"class_list":["post-80","page","type-page","status-publish","hentry"],"yoast_head":"<!-- This site is optimized with the Yoast SEO plugin v27.3 - https:\/\/yoast.com\/product\/yoast-seo-wordpress\/ -->\n<title>Construction de piscines neuves - Pisciniste du Lignon<\/title>\n<meta name=\"robots\" content=\"index, follow, max-snippet:-1, max-image-preview:large, max-video-preview:-1\" \/>\n<link rel=\"canonical\" href=\"https:\/\/www.lepiscinierdulignon.fr\/index.php\/construction-de-piscines-neuves\/\" \/>\n<meta property=\"og:locale\" content=\"fr_FR\" \/>\n<meta property=\"og:type\" content=\"article\" \/>\n<meta property=\"og:title\" content=\"Construction de piscines neuves - Pisciniste du Lignon\" \/>\n<meta property=\"og:description\" content=\"Construction de piscines neuves Piscines en b\u00e9ton traditionnelles sur mesure Je con\u00e7ois des piscines en b\u00e9ton parpaing, alliant robustesse et esth\u00e9tique. Chaque projet est enti\u00e8rement personnalis\u00e9 pour s\u2019adapter \u00e0 vos envies et \u00e0 votre espace : formes, dimensions et finitions sont modulables selon vos besoins. Faites le choix d\u2019un bassin durable, pens\u00e9 pour vous offrir confort et \u00e9l\u00e9gance au quotidien. N&rsquo;attendez plus , Contactez moi ! Me contactez\" \/>\n<meta property=\"og:url\" content=\"https:\/\/www.lepiscinierdulignon.fr\/index.php\/construction-de-piscines-neuves\/\" \/>\n<meta property=\"og:site_name\" content=\"Pisciniste du Lignon\" \/>\n<meta property=\"article:modified_time\" content=\"2024-12-30T18:19:29+00:00\" \/>\n<meta property=\"og:image\" content=\"https:\/\/www.lepiscinierdulignon.fr\/wp-content\/uploads\/2024\/12\/Capture-decran-2024-12-30-175705.png\" \/>\n<meta name=\"twitter:card\" content=\"summary_large_image\" \/>\n<meta name=\"twitter:label1\" content=\"Dur\u00e9e de lecture estim\u00e9e\" \/>\n\t<meta name=\"twitter:data1\" content=\"1 minute\" \/>\n<script type=\"application\/ld+json\" class=\"yoast-schema-graph\">{\"@context\":\"https:\\\/\\\/schema.org\",\"@graph\":[{\"@type\":\"WebPage\",\"@id\":\"https:\\\/\\\/www.lepiscinierdulignon.fr\\\/index.php\\\/construction-de-piscines-neuves\\\/\",\"url\":\"https:\\\/\\\/www.lepiscinierdulignon.fr\\\/index.php\\\/construction-de-piscines-neuves\\\/\",\"name\":\"Construction de piscines neuves - Pisciniste du Lignon\",\"isPartOf\":{\"@id\":\"https:\\\/\\\/www.lepiscinierdulignon.fr\\\/#website\"},\"primaryImageOfPage\":{\"@id\":\"https:\\\/\\\/www.lepiscinierdulignon.fr\\\/index.php\\\/construction-de-piscines-neuves\\\/#primaryimage\"},\"image\":{\"@id\":\"https:\\\/\\\/www.lepiscinierdulignon.fr\\\/index.php\\\/construction-de-piscines-neuves\\\/#primaryimage\"},\"thumbnailUrl\":\"https:\\\/\\\/www.lepiscinierdulignon.fr\\\/wp-content\\\/uploads\\\/2024\\\/12\\\/Capture-decran-2024-12-30-175705.png\",\"datePublished\":\"2024-12-14T16:25:34+00:00\",\"dateModified\":\"2024-12-30T18:19:29+00:00\",\"breadcrumb\":{\"@id\":\"https:\\\/\\\/www.lepiscinierdulignon.fr\\\/index.php\\\/construction-de-piscines-neuves\\\/#breadcrumb\"},\"inLanguage\":\"fr-FR\",\"potentialAction\":[{\"@type\":\"ReadAction\",\"target\":[\"https:\\\/\\\/www.lepiscinierdulignon.fr\\\/index.php\\\/construction-de-piscines-neuves\\\/\"]}]},{\"@type\":\"ImageObject\",\"inLanguage\":\"fr-FR\",\"@id\":\"https:\\\/\\\/www.lepiscinierdulignon.fr\\\/index.php\\\/construction-de-piscines-neuves\\\/#primaryimage\",\"url\":\"https:\\\/\\\/www.lepiscinierdulignon.fr\\\/wp-content\\\/uploads\\\/2024\\\/12\\\/Capture-decran-2024-12-30-175705.png\",\"contentUrl\":\"https:\\\/\\\/www.lepiscinierdulignon.fr\\\/wp-content\\\/uploads\\\/2024\\\/12\\\/Capture-decran-2024-12-30-175705.png\",\"width\":680,\"height\":341},{\"@type\":\"BreadcrumbList\",\"@id\":\"https:\\\/\\\/www.lepiscinierdulignon.fr\\\/index.php\\\/construction-de-piscines-neuves\\\/#breadcrumb\",\"itemListElement\":[{\"@type\":\"ListItem\",\"position\":1,\"name\":\"Accueil\",\"item\":\"https:\\\/\\\/www.lepiscinierdulignon.fr\\\/\"},{\"@type\":\"ListItem\",\"position\":2,\"name\":\"Construction de piscines neuves\"}]},{\"@type\":\"WebSite\",\"@id\":\"https:\\\/\\\/www.lepiscinierdulignon.fr\\\/#website\",\"url\":\"https:\\\/\\\/www.lepiscinierdulignon.fr\\\/\",\"name\":\"Pisciniste du Lignon\",\"description\":\"\",\"publisher\":{\"@id\":\"https:\\\/\\\/www.lepiscinierdulignon.fr\\\/#organization\"},\"potentialAction\":[{\"@type\":\"SearchAction\",\"target\":{\"@type\":\"EntryPoint\",\"urlTemplate\":\"https:\\\/\\\/www.lepiscinierdulignon.fr\\\/?s={search_term_string}\"},\"query-input\":{\"@type\":\"PropertyValueSpecification\",\"valueRequired\":true,\"valueName\":\"search_term_string\"}}],\"inLanguage\":\"fr-FR\"},{\"@type\":\"Organization\",\"@id\":\"https:\\\/\\\/www.lepiscinierdulignon.fr\\\/#organization\",\"name\":\"Pisciniste du Lignon\",\"url\":\"https:\\\/\\\/www.lepiscinierdulignon.fr\\\/\",\"logo\":{\"@type\":\"ImageObject\",\"inLanguage\":\"fr-FR\",\"@id\":\"https:\\\/\\\/www.lepiscinierdulignon.fr\\\/#\\\/schema\\\/logo\\\/image\\\/\",\"url\":\"https:\\\/\\\/www.lepiscinierdulignon.fr\\\/wp-content\\\/uploads\\\/2024\\\/12\\\/cropped-1902-LPDL-logo-ok-modifie-1.png\",\"contentUrl\":\"https:\\\/\\\/www.lepiscinierdulignon.fr\\\/wp-content\\\/uploads\\\/2024\\\/12\\\/cropped-1902-LPDL-logo-ok-modifie-1.png\",\"width\":1162,\"height\":1082,\"caption\":\"Pisciniste du Lignon\"},\"image\":{\"@id\":\"https:\\\/\\\/www.lepiscinierdulignon.fr\\\/#\\\/schema\\\/logo\\\/image\\\/\"}}]}<\/script>\n<!-- \/ Yoast SEO plugin. -->","yoast_head_json":{"title":"Construction de piscines neuves - Pisciniste du Lignon","robots":{"index":"index","follow":"follow","max-snippet":"max-snippet:-1","max-image-preview":"max-image-preview:large","max-video-preview":"max-video-preview:-1"},"canonical":"https:\/\/www.lepiscinierdulignon.fr\/index.php\/construction-de-piscines-neuves\/","og_locale":"fr_FR","og_type":"article","og_title":"Construction de piscines neuves - Pisciniste du Lignon","og_description":"Construction de piscines neuves Piscines en b\u00e9ton traditionnelles sur mesure Je con\u00e7ois des piscines en b\u00e9ton parpaing, alliant robustesse et esth\u00e9tique. Chaque projet est enti\u00e8rement personnalis\u00e9 pour s\u2019adapter \u00e0 vos envies et \u00e0 votre espace : formes, dimensions et finitions sont modulables selon vos besoins. Faites le choix d\u2019un bassin durable, pens\u00e9 pour vous offrir confort et \u00e9l\u00e9gance au quotidien. N&rsquo;attendez plus , Contactez moi ! Me contactez","og_url":"https:\/\/www.lepiscinierdulignon.fr\/index.php\/construction-de-piscines-neuves\/","og_site_name":"Pisciniste du Lignon","article_modified_time":"2024-12-30T18:19:29+00:00","og_image":[{"url":"https:\/\/www.lepiscinierdulignon.fr\/wp-content\/uploads\/2024\/12\/Capture-decran-2024-12-30-175705.png","type":"","width":"","height":""}],"twitter_card":"summary_large_image","twitter_misc":{"Dur\u00e9e de lecture estim\u00e9e":"1 minute"},"schema":{"@context":"https:\/\/schema.org","@graph":[{"@type":"WebPage","@id":"https:\/\/www.lepiscinierdulignon.fr\/index.php\/construction-de-piscines-neuves\/","url":"https:\/\/www.lepiscinierdulignon.fr\/index.php\/construction-de-piscines-neuves\/","name":"Construction de piscines neuves - Pisciniste du Lignon","isPartOf":{"@id":"https:\/\/www.lepiscinierdulignon.fr\/#website"},"primaryImageOfPage":{"@id":"https:\/\/www.lepiscinierdulignon.fr\/index.php\/construction-de-piscines-neuves\/#primaryimage"},"image":{"@id":"https:\/\/www.lepiscinierdulignon.fr\/index.php\/construction-de-piscines-neuves\/#primaryimage"},"thumbnailUrl":"https:\/\/www.lepiscinierdulignon.fr\/wp-content\/uploads\/2024\/12\/Capture-decran-2024-12-30-175705.png","datePublished":"2024-12-14T16:25:34+00:00","dateModified":"2024-12-30T18:19:29+00:00","breadcrumb":{"@id":"https:\/\/www.lepiscinierdulignon.fr\/index.php\/construction-de-piscines-neuves\/#breadcrumb"},"inLanguage":"fr-FR","potentialAction":[{"@type":"ReadAction","target":["https:\/\/www.lepiscinierdulignon.fr\/index.php\/construction-de-piscines-neuves\/"]}]},{"@type":"ImageObject","inLanguage":"fr-FR","@id":"https:\/\/www.lepiscinierdulignon.fr\/index.php\/construction-de-piscines-neuves\/#primaryimage","url":"https:\/\/www.lepiscinierdulignon.fr\/wp-content\/uploads\/2024\/12\/Capture-decran-2024-12-30-175705.png","contentUrl":"https:\/\/www.lepiscinierdulignon.fr\/wp-content\/uploads\/2024\/12\/Capture-decran-2024-12-30-175705.png","width":680,"height":341},{"@type":"BreadcrumbList","@id":"https:\/\/www.lepiscinierdulignon.fr\/index.php\/construction-de-piscines-neuves\/#breadcrumb","itemListElement":[{"@type":"ListItem","position":1,"name":"Accueil","item":"https:\/\/www.lepiscinierdulignon.fr\/"},{"@type":"ListItem","position":2,"name":"Construction de piscines neuves"}]},{"@type":"WebSite","@id":"https:\/\/www.lepiscinierdulignon.fr\/#website","url":"https:\/\/www.lepiscinierdulignon.fr\/","name":"Pisciniste du Lignon","description":"","publisher":{"@id":"https:\/\/www.lepiscinierdulignon.fr\/#organization"},"potentialAction":[{"@type":"SearchAction","target":{"@type":"EntryPoint","urlTemplate":"https:\/\/www.lepiscinierdulignon.fr\/?s={search_term_string}"},"query-input":{"@type":"PropertyValueSpecification","valueRequired":true,"valueName":"search_term_string"}}],"inLanguage":"fr-FR"},{"@type":"Organization","@id":"https:\/\/www.lepiscinierdulignon.fr\/#organization","name":"Pisciniste du Lignon","url":"https:\/\/www.lepiscinierdulignon.fr\/","logo":{"@type":"ImageObject","inLanguage":"fr-FR","@id":"https:\/\/www.lepiscinierdulignon.fr\/#\/schema\/logo\/image\/","url":"https:\/\/www.lepiscinierdulignon.fr\/wp-content\/uploads\/2024\/12\/cropped-1902-LPDL-logo-ok-modifie-1.png","contentUrl":"https:\/\/www.lepiscinierdulignon.fr\/wp-content\/uploads\/2024\/12\/cropped-1902-LPDL-logo-ok-modifie-1.png","width":1162,"height":1082,"caption":"Pisciniste du Lignon"},"image":{"@id":"https:\/\/www.lepiscinierdulignon.fr\/#\/schema\/logo\/image\/"}}]}},"_links":{"self":[{"href":"https:\/\/www.lepiscinierdulignon.fr\/index.php\/wp-json\/wp\/v2\/pages\/80","targetHints":{"allow":["GET"]}}],"collection":[{"href":"https:\/\/www.lepiscinierdulignon.fr\/index.php\/wp-json\/wp\/v2\/pages"}],"about":[{"href":"https:\/\/www.lepiscinierdulignon.fr\/index.php\/wp-json\/wp\/v2\/types\/page"}],"author":[{"embeddable":true,"href":"https:\/\/www.lepiscinierdulignon.fr\/index.php\/wp-json\/wp\/v2\/users\/1"}],"replies":[{"embeddable":true,"href":"https:\/\/www.lepiscinierdulignon.fr\/index.php\/wp-json\/wp\/v2\/comments?post=80"}],"version-history":[{"count":55,"href":"https:\/\/www.lepiscinierdulignon.fr\/index.php\/wp-json\/wp\/v2\/pages\/80\/revisions"}],"predecessor-version":[{"id":1241,"href":"https:\/\/www.lepiscinierdulignon.fr\/index.php\/wp-json\/wp\/v2\/pages\/80\/revisions\/1241"}],"wp:attachment":[{"href":"https:\/\/www.lepiscinierdulignon.fr\/index.php\/wp-json\/wp\/v2\/media?parent=80"}],"curies":[{"name":"wp","href":"https:\/\/api.w.org\/{rel}","templated":true}]}}