{"id":991,"date":"2024-12-29T19:13:49","date_gmt":"2024-12-29T18:13:49","guid":{"rendered":"https:\/\/www.lepiscinierdulignon.fr\/?page_id=991"},"modified":"2024-12-30T19:51:04","modified_gmt":"2024-12-30T18:51:04","slug":"remplacement-du-liner","status":"publish","type":"page","link":"https:\/\/www.lepiscinierdulignon.fr\/index.php\/remplacement-du-liner\/","title":{"rendered":"Remplacement du liner"},"content":{"rendered":"\t\t<div data-elementor-type=\"wp-page\" data-elementor-id=\"991\" class=\"elementor elementor-991\">\n\t\t\t\t<div class=\"has_eae_slider elementor-element elementor-element-21e9f2c0 e-flex e-con-boxed wpr-particle-no wpr-jarallax-no wpr-parallax-no wpr-sticky-section-no e-con e-parent\" data-eae-slider=\"92753\" data-id=\"21e9f2c0\" data-element_type=\"container\" data-e-type=\"container\" data-settings=\"{&quot;background_background&quot;:&quot;classic&quot;}\">\n\t\t\t\t\t<div class=\"e-con-inner\">\n\t\t\t\t<div class=\"elementor-element elementor-element-6497b4a1 elementor-widget elementor-widget-heading\" data-id=\"6497b4a1\" data-element_type=\"widget\" data-e-type=\"widget\" data-widget_type=\"heading.default\">\n\t\t\t\t<div class=\"elementor-widget-container\">\n\t\t\t\t\t<h1 class=\"elementor-heading-title elementor-size-default\">Remplacement du liner<\/h1>\t\t\t\t<\/div>\n\t\t\t\t<\/div>\n\t\t\t\t<div class=\"elementor-element elementor-element-17bc83b4 elementor-view-default elementor-widget elementor-widget-icon\" data-id=\"17bc83b4\" data-element_type=\"widget\" data-e-type=\"widget\" data-widget_type=\"icon.default\">\n\t\t\t\t<div class=\"elementor-widget-container\">\n\t\t\t\t\t\t\t<div class=\"elementor-icon-wrapper\">\n\t\t\t<a class=\"elementor-icon\" href=\"#liner\">\n\t\t\t<svg aria-hidden=\"true\" class=\"e-font-icon-svg e-far-arrow-alt-circle-down\" viewBox=\"0 0 512 512\" xmlns=\"http:\/\/www.w3.org\/2000\/svg\"><path d=\"M256 8C119 8 8 119 8 256s111 248 248 248 248-111 248-248S393 8 256 8zm0 448c-110.5 0-200-89.5-200-200S145.5 56 256 56s200 89.5 200 200-89.5 200-200 200zm-32-316v116h-67c-10.7 0-16 12.9-8.5 20.5l99 99c4.7 4.7 12.3 4.7 17 0l99-99c7.6-7.6 2.2-20.5-8.5-20.5h-67V140c0-6.6-5.4-12-12-12h-40c-6.6 0-12 5.4-12 12z\"><\/path><\/svg>\t\t\t<\/a>\n\t\t<\/div>\n\t\t\t\t\t\t<\/div>\n\t\t\t\t<\/div>\n\t\t\t\t\t<\/div>\n\t\t\t\t<\/div>\n\t\t<div class=\"has_eae_slider elementor-element elementor-element-18a4f215 e-flex e-con-boxed wpr-particle-no wpr-jarallax-no wpr-parallax-no wpr-sticky-section-no e-con e-parent\" data-eae-slider=\"34694\" data-id=\"18a4f215\" data-element_type=\"container\" data-e-type=\"container\">\n\t\t\t\t\t<div class=\"e-con-inner\">\n\t\t\t\t<div class=\"elementor-element elementor-element-29d8564d elementor-widget elementor-widget-menu-anchor\" data-id=\"29d8564d\" data-element_type=\"widget\" data-e-type=\"widget\" data-widget_type=\"menu-anchor.default\">\n\t\t\t\t<div class=\"elementor-widget-container\">\n\t\t\t\t\t\t\t<div class=\"elementor-menu-anchor\" id=\"liner\"><\/div>\n\t\t\t\t\t\t<\/div>\n\t\t\t\t<\/div>\n\t\t\t\t\t<\/div>\n\t\t\t\t<\/div>\n\t\t<div class=\"has_eae_slider elementor-element elementor-element-0b20b2b e-flex e-con-boxed wpr-particle-no wpr-jarallax-no wpr-parallax-no wpr-sticky-section-no e-con e-parent\" data-eae-slider=\"81602\" data-id=\"0b20b2b\" data-element_type=\"container\" data-e-type=\"container\">\n\t\t\t\t\t<div class=\"e-con-inner\">\n\t\t<div class=\"has_eae_slider elementor-element elementor-element-0acee67 e-con-full e-flex wpr-particle-no wpr-jarallax-no wpr-parallax-no wpr-sticky-section-no e-con e-child\" data-eae-slider=\"15515\" data-id=\"0acee67\" data-element_type=\"container\" data-e-type=\"container\">\n\t\t\t\t<div class=\"elementor-element elementor-element-ba0a2c1 elementor-widget elementor-widget-image\" data-id=\"ba0a2c1\" data-element_type=\"widget\" data-e-type=\"widget\" data-widget_type=\"image.default\">\n\t\t\t\t<div class=\"elementor-widget-container\">\n\t\t\t\t\t\t\t\t\t\t\t\t\t\t\t<img fetchpriority=\"high\" decoding=\"async\" width=\"800\" height=\"800\" src=\"https:\/\/www.lepiscinierdulignon.fr\/wp-content\/uploads\/2024\/12\/WhatsApp-Image-2024-12-29-a-16.57.28_a7677332-1024x1024.jpg\" class=\"elementor-animation-grow attachment-large size-large wp-image-959\" alt=\"remplacement Liner\" srcset=\"https:\/\/www.lepiscinierdulignon.fr\/wp-content\/uploads\/2024\/12\/WhatsApp-Image-2024-12-29-a-16.57.28_a7677332-1024x1024.jpg 1024w, https:\/\/www.lepiscinierdulignon.fr\/wp-content\/uploads\/2024\/12\/WhatsApp-Image-2024-12-29-a-16.57.28_a7677332-300x300.jpg 300w, https:\/\/www.lepiscinierdulignon.fr\/wp-content\/uploads\/2024\/12\/WhatsApp-Image-2024-12-29-a-16.57.28_a7677332-150x150.jpg 150w, https:\/\/www.lepiscinierdulignon.fr\/wp-content\/uploads\/2024\/12\/WhatsApp-Image-2024-12-29-a-16.57.28_a7677332-768x768.jpg 768w, https:\/\/www.lepiscinierdulignon.fr\/wp-content\/uploads\/2024\/12\/WhatsApp-Image-2024-12-29-a-16.57.28_a7677332-1536x1536.jpg 1536w, https:\/\/www.lepiscinierdulignon.fr\/wp-content\/uploads\/2024\/12\/WhatsApp-Image-2024-12-29-a-16.57.28_a7677332.jpg 2048w\" sizes=\"(max-width: 800px) 100vw, 800px\" \/>\t\t\t\t\t\t\t\t\t\t\t\t\t\t\t<\/div>\n\t\t\t\t<\/div>\n\t\t\t\t<\/div>\n\t\t<div class=\"has_eae_slider elementor-element elementor-element-eb2c27f e-con-full e-flex wpr-particle-no wpr-jarallax-no wpr-parallax-no wpr-sticky-section-no e-con e-child\" data-eae-slider=\"95920\" data-id=\"eb2c27f\" data-element_type=\"container\" data-e-type=\"container\">\n\t\t\t\t<div class=\"elementor-element elementor-element-3910d88 elementor-widget elementor-widget-heading\" data-id=\"3910d88\" data-element_type=\"widget\" data-e-type=\"widget\" data-widget_type=\"heading.default\">\n\t\t\t\t<div class=\"elementor-widget-container\">\n\t\t\t\t\t<h2 class=\"elementor-heading-title elementor-size-default\">Remplacement du liner\n\n\n<\/h2>\t\t\t\t<\/div>\n\t\t\t\t<\/div>\n\t\t\t\t<div class=\"elementor-element elementor-element-032585e elementor-widget elementor-widget-text-editor\" data-id=\"032585e\" data-element_type=\"widget\" data-e-type=\"widget\" data-widget_type=\"text-editor.default\">\n\t\t\t\t<div class=\"elementor-widget-container\">\n\t\t\t\t\t\t\t\t\t<p>Votre liner est us\u00e9, d\u00e9chir\u00e9 ou d\u00e9color\u00e9 ? J&rsquo;assure son remplacement avec des mat\u00e9riaux robustes et esth\u00e9tiques. Choisissez parmi une large gamme de couleurs et de finitions pour redonner \u00e0 votre piscine un aspect neuf et moderne.<\/p>\t\t\t\t\t\t\t\t<\/div>\n\t\t\t\t<\/div>\n\t\t\t\t<\/div>\n\t\t\t\t\t<\/div>\n\t\t\t\t<\/div>\n\t\t<div class=\"has_eae_slider elementor-element elementor-element-76641c0d e-flex e-con-boxed wpr-particle-no wpr-jarallax-no wpr-parallax-no wpr-sticky-section-no e-con e-parent\" data-eae-slider=\"11821\" data-id=\"76641c0d\" data-element_type=\"container\" data-e-type=\"container\">\n\t\t\t\t\t<div class=\"e-con-inner\">\n\t\t\t\t<div class=\"elementor-element elementor-element-4129a381 elementor-widget elementor-widget-spacer\" data-id=\"4129a381\" data-element_type=\"widget\" data-e-type=\"widget\" data-widget_type=\"spacer.default\">\n\t\t\t\t<div class=\"elementor-widget-container\">\n\t\t\t\t\t\t\t<div class=\"elementor-spacer\">\n\t\t\t<div class=\"elementor-spacer-inner\"><\/div>\n\t\t<\/div>\n\t\t\t\t\t\t<\/div>\n\t\t\t\t<\/div>\n\t\t\t\t\t<\/div>\n\t\t\t\t<\/div>\n\t\t<div class=\"has_eae_slider elementor-element elementor-element-30cf3c5b e-flex e-con-boxed wpr-particle-no wpr-jarallax-no wpr-parallax-no wpr-sticky-section-no e-con e-parent\" data-eae-slider=\"34273\" data-id=\"30cf3c5b\" data-element_type=\"container\" data-e-type=\"container\" data-settings=\"{&quot;background_background&quot;:&quot;classic&quot;,&quot;shape_divider_top&quot;:&quot;waves&quot;,&quot;shape_divider_top_negative&quot;:&quot;yes&quot;}\">\n\t\t\t\t\t<div class=\"e-con-inner\">\n\t\t\t\t<div class=\"elementor-shape elementor-shape-top\" aria-hidden=\"true\" data-negative=\"true\">\n\t\t\t<svg xmlns=\"http:\/\/www.w3.org\/2000\/svg\" viewBox=\"0 0 1000 100\" preserveAspectRatio=\"none\">\n\t<path class=\"elementor-shape-fill\" d=\"M790.5,93.1c-59.3-5.3-116.8-18-192.6-50c-29.6-12.7-76.9-31-100.5-35.9c-23.6-4.9-52.6-7.8-75.5-5.3\n\tc-10.2,1.1-22.6,1.4-50.1,7.4c-27.2,6.3-58.2,16.6-79.4,24.7c-41.3,15.9-94.9,21.9-134,22.6C72,58.2,0,25.8,0,25.8V100h1000V65.3\n\tc0,0-51.5,19.4-106.2,25.7C839.5,97,814.1,95.2,790.5,93.1z\"\/>\n<\/svg>\t\t<\/div>\n\t\t\t\t<div class=\"elementor-element elementor-element-36879e16 elementor-widget elementor-widget-spacer\" data-id=\"36879e16\" data-element_type=\"widget\" data-e-type=\"widget\" data-widget_type=\"spacer.default\">\n\t\t\t\t<div class=\"elementor-widget-container\">\n\t\t\t\t\t\t\t<div class=\"elementor-spacer\">\n\t\t\t<div class=\"elementor-spacer-inner\"><\/div>\n\t\t<\/div>\n\t\t\t\t\t\t<\/div>\n\t\t\t\t<\/div>\n\t\t\t\t<div class=\"elementor-element elementor-element-7c6bb301 elementor-widget elementor-widget-heading\" data-id=\"7c6bb301\" data-element_type=\"widget\" data-e-type=\"widget\" data-widget_type=\"heading.default\">\n\t\t\t\t<div class=\"elementor-widget-container\">\n\t\t\t\t\t<h2 class=\"elementor-heading-title elementor-size-default\">N'attendez plus , Contactez moi !<\/h2>\t\t\t\t<\/div>\n\t\t\t\t<\/div>\n\t\t\t\t<div class=\"elementor-element elementor-element-5704ac94 elementor-widget elementor-widget-spacer\" data-id=\"5704ac94\" data-element_type=\"widget\" data-e-type=\"widget\" data-widget_type=\"spacer.default\">\n\t\t\t\t<div class=\"elementor-widget-container\">\n\t\t\t\t\t\t\t<div class=\"elementor-spacer\">\n\t\t\t<div class=\"elementor-spacer-inner\"><\/div>\n\t\t<\/div>\n\t\t\t\t\t\t<\/div>\n\t\t\t\t<\/div>\n\t\t\t\t<div class=\"elementor-element elementor-element-7e4a5762 elementor-align-center elementor-widget elementor-widget-button\" data-id=\"7e4a5762\" data-element_type=\"widget\" data-e-type=\"widget\" data-widget_type=\"button.default\">\n\t\t\t\t<div class=\"elementor-widget-container\">\n\t\t\t\t\t\t\t\t\t<div class=\"elementor-button-wrapper\">\n\t\t\t\t\t<a class=\"elementor-button elementor-button-link elementor-size-sm elementor-animation-grow\" href=\"https:\/\/www.lepiscinierdulignon.fr\/index.php\/contactez-nous\/\">\n\t\t\t\t\t\t<span class=\"elementor-button-content-wrapper\">\n\t\t\t\t\t\t<span class=\"elementor-button-icon\">\n\t\t\t\t<svg aria-hidden=\"true\" class=\"e-font-icon-svg e-far-arrow-alt-circle-right\" viewBox=\"0 0 512 512\" xmlns=\"http:\/\/www.w3.org\/2000\/svg\"><path d=\"M504 256C504 119 393 8 256 8S8 119 8 256s111 248 248 248 248-111 248-248zm-448 0c0-110.5 89.5-200 200-200s200 89.5 200 200-89.5 200-200 200S56 366.5 56 256zm72 20v-40c0-6.6 5.4-12 12-12h116v-67c0-10.7 12.9-16 20.5-8.5l99 99c4.7 4.7 4.7 12.3 0 17l-99 99c-7.6 7.6-20.5 2.2-20.5-8.5v-67H140c-6.6 0-12-5.4-12-12z\"><\/path><\/svg>\t\t\t<\/span>\n\t\t\t\t\t\t\t\t\t<span class=\"elementor-button-text\">Me contactez<\/span>\n\t\t\t\t\t<\/span>\n\t\t\t\t\t<\/a>\n\t\t\t\t<\/div>\n\t\t\t\t\t\t\t\t<\/div>\n\t\t\t\t<\/div>\n\t\t\t\t<div class=\"elementor-element elementor-element-39ccfd9a elementor-widget elementor-widget-spacer\" data-id=\"39ccfd9a\" data-element_type=\"widget\" data-e-type=\"widget\" data-widget_type=\"spacer.default\">\n\t\t\t\t<div class=\"elementor-widget-container\">\n\t\t\t\t\t\t\t<div class=\"elementor-spacer\">\n\t\t\t<div class=\"elementor-spacer-inner\"><\/div>\n\t\t<\/div>\n\t\t\t\t\t\t<\/div>\n\t\t\t\t<\/div>\n\t\t\t\t\t<\/div>\n\t\t\t\t<\/div>\n\t\t\t\t<\/div>\n\t\t","protected":false},"excerpt":{"rendered":"<p>Remplacement du liner Remplacement du liner Votre liner est us\u00e9, d\u00e9chir\u00e9 ou d\u00e9color\u00e9 ? J&rsquo;assure son remplacement avec des mat\u00e9riaux robustes et esth\u00e9tiques. Choisissez parmi une large gamme de couleurs et de finitions pour redonner \u00e0 votre piscine un aspect neuf et moderne. N&rsquo;attendez plus , Contactez moi ! Me contactez<\/p>\n","protected":false},"author":1,"featured_media":0,"parent":0,"menu_order":0,"comment_status":"closed","ping_status":"closed","template":"","meta":{"footnotes":""},"class_list":["post-991","page","type-page","status-publish","hentry"],"yoast_head":"<!-- This site is optimized with the Yoast SEO plugin v27.3 - https:\/\/yoast.com\/product\/yoast-seo-wordpress\/ -->\n<title>Le Piscinier du Lignon - Remplacement du Liner<\/title>\n<meta name=\"description\" content=\"Redonnez vie \u00e0 votre piscine avec un nouveau liner : \u00e9tanch\u00e9it\u00e9, esth\u00e9tique et durabilit\u00e9 pour un bassin comme neuf\" \/>\n<meta name=\"robots\" content=\"index, follow, max-snippet:-1, max-image-preview:large, max-video-preview:-1\" \/>\n<link rel=\"canonical\" href=\"https:\/\/www.lepiscinierdulignon.fr\/index.php\/remplacement-du-liner\/\" \/>\n<meta property=\"og:locale\" content=\"fr_FR\" \/>\n<meta property=\"og:type\" content=\"article\" \/>\n<meta property=\"og:title\" content=\"Le Piscinier du Lignon - Remplacement du Liner\" \/>\n<meta property=\"og:description\" content=\"Redonnez vie \u00e0 votre piscine avec un nouveau liner : \u00e9tanch\u00e9it\u00e9, esth\u00e9tique et durabilit\u00e9 pour un bassin comme neuf\" \/>\n<meta property=\"og:url\" content=\"https:\/\/www.lepiscinierdulignon.fr\/index.php\/remplacement-du-liner\/\" \/>\n<meta property=\"og:site_name\" content=\"Pisciniste du Lignon\" \/>\n<meta property=\"article:modified_time\" content=\"2024-12-30T18:51:04+00:00\" \/>\n<meta property=\"og:image\" content=\"https:\/\/www.lepiscinierdulignon.fr\/wp-content\/uploads\/2024\/12\/WhatsApp-Image-2024-12-29-a-16.57.28_a7677332-1024x1024.jpg\" \/>\n<meta name=\"twitter:card\" content=\"summary_large_image\" \/>\n<meta name=\"twitter:label1\" content=\"Dur\u00e9e de lecture estim\u00e9e\" \/>\n\t<meta name=\"twitter:data1\" content=\"1 minute\" \/>\n<script type=\"application\/ld+json\" class=\"yoast-schema-graph\">{\"@context\":\"https:\\\/\\\/schema.org\",\"@graph\":[{\"@type\":\"WebPage\",\"@id\":\"https:\\\/\\\/www.lepiscinierdulignon.fr\\\/index.php\\\/remplacement-du-liner\\\/\",\"url\":\"https:\\\/\\\/www.lepiscinierdulignon.fr\\\/index.php\\\/remplacement-du-liner\\\/\",\"name\":\"Le Piscinier du Lignon - Remplacement du Liner\",\"isPartOf\":{\"@id\":\"https:\\\/\\\/www.lepiscinierdulignon.fr\\\/#website\"},\"primaryImageOfPage\":{\"@id\":\"https:\\\/\\\/www.lepiscinierdulignon.fr\\\/index.php\\\/remplacement-du-liner\\\/#primaryimage\"},\"image\":{\"@id\":\"https:\\\/\\\/www.lepiscinierdulignon.fr\\\/index.php\\\/remplacement-du-liner\\\/#primaryimage\"},\"thumbnailUrl\":\"https:\\\/\\\/www.lepiscinierdulignon.fr\\\/wp-content\\\/uploads\\\/2024\\\/12\\\/WhatsApp-Image-2024-12-29-a-16.57.28_a7677332-1024x1024.jpg\",\"datePublished\":\"2024-12-29T18:13:49+00:00\",\"dateModified\":\"2024-12-30T18:51:04+00:00\",\"description\":\"Redonnez vie \u00e0 votre piscine avec un nouveau liner : \u00e9tanch\u00e9it\u00e9, esth\u00e9tique et durabilit\u00e9 pour un bassin comme neuf\",\"breadcrumb\":{\"@id\":\"https:\\\/\\\/www.lepiscinierdulignon.fr\\\/index.php\\\/remplacement-du-liner\\\/#breadcrumb\"},\"inLanguage\":\"fr-FR\",\"potentialAction\":[{\"@type\":\"ReadAction\",\"target\":[\"https:\\\/\\\/www.lepiscinierdulignon.fr\\\/index.php\\\/remplacement-du-liner\\\/\"]}]},{\"@type\":\"ImageObject\",\"inLanguage\":\"fr-FR\",\"@id\":\"https:\\\/\\\/www.lepiscinierdulignon.fr\\\/index.php\\\/remplacement-du-liner\\\/#primaryimage\",\"url\":\"https:\\\/\\\/www.lepiscinierdulignon.fr\\\/wp-content\\\/uploads\\\/2024\\\/12\\\/WhatsApp-Image-2024-12-29-a-16.57.28_a7677332.jpg\",\"contentUrl\":\"https:\\\/\\\/www.lepiscinierdulignon.fr\\\/wp-content\\\/uploads\\\/2024\\\/12\\\/WhatsApp-Image-2024-12-29-a-16.57.28_a7677332.jpg\",\"width\":2048,\"height\":2048,\"caption\":\"remplacement Liner\"},{\"@type\":\"BreadcrumbList\",\"@id\":\"https:\\\/\\\/www.lepiscinierdulignon.fr\\\/index.php\\\/remplacement-du-liner\\\/#breadcrumb\",\"itemListElement\":[{\"@type\":\"ListItem\",\"position\":1,\"name\":\"Accueil\",\"item\":\"https:\\\/\\\/www.lepiscinierdulignon.fr\\\/\"},{\"@type\":\"ListItem\",\"position\":2,\"name\":\"Remplacement du liner\"}]},{\"@type\":\"WebSite\",\"@id\":\"https:\\\/\\\/www.lepiscinierdulignon.fr\\\/#website\",\"url\":\"https:\\\/\\\/www.lepiscinierdulignon.fr\\\/\",\"name\":\"Pisciniste du Lignon\",\"description\":\"\",\"publisher\":{\"@id\":\"https:\\\/\\\/www.lepiscinierdulignon.fr\\\/#organization\"},\"potentialAction\":[{\"@type\":\"SearchAction\",\"target\":{\"@type\":\"EntryPoint\",\"urlTemplate\":\"https:\\\/\\\/www.lepiscinierdulignon.fr\\\/?s={search_term_string}\"},\"query-input\":{\"@type\":\"PropertyValueSpecification\",\"valueRequired\":true,\"valueName\":\"search_term_string\"}}],\"inLanguage\":\"fr-FR\"},{\"@type\":\"Organization\",\"@id\":\"https:\\\/\\\/www.lepiscinierdulignon.fr\\\/#organization\",\"name\":\"Pisciniste du Lignon\",\"url\":\"https:\\\/\\\/www.lepiscinierdulignon.fr\\\/\",\"logo\":{\"@type\":\"ImageObject\",\"inLanguage\":\"fr-FR\",\"@id\":\"https:\\\/\\\/www.lepiscinierdulignon.fr\\\/#\\\/schema\\\/logo\\\/image\\\/\",\"url\":\"https:\\\/\\\/www.lepiscinierdulignon.fr\\\/wp-content\\\/uploads\\\/2024\\\/12\\\/cropped-1902-LPDL-logo-ok-modifie-1.png\",\"contentUrl\":\"https:\\\/\\\/www.lepiscinierdulignon.fr\\\/wp-content\\\/uploads\\\/2024\\\/12\\\/cropped-1902-LPDL-logo-ok-modifie-1.png\",\"width\":1162,\"height\":1082,\"caption\":\"Pisciniste du Lignon\"},\"image\":{\"@id\":\"https:\\\/\\\/www.lepiscinierdulignon.fr\\\/#\\\/schema\\\/logo\\\/image\\\/\"}}]}<\/script>\n<!-- \/ Yoast SEO plugin. -->","yoast_head_json":{"title":"Le Piscinier du Lignon - Remplacement du Liner","description":"Redonnez vie \u00e0 votre piscine avec un nouveau liner : \u00e9tanch\u00e9it\u00e9, esth\u00e9tique et durabilit\u00e9 pour un bassin comme neuf","robots":{"index":"index","follow":"follow","max-snippet":"max-snippet:-1","max-image-preview":"max-image-preview:large","max-video-preview":"max-video-preview:-1"},"canonical":"https:\/\/www.lepiscinierdulignon.fr\/index.php\/remplacement-du-liner\/","og_locale":"fr_FR","og_type":"article","og_title":"Le Piscinier du Lignon - Remplacement du Liner","og_description":"Redonnez vie \u00e0 votre piscine avec un nouveau liner : \u00e9tanch\u00e9it\u00e9, esth\u00e9tique et durabilit\u00e9 pour un bassin comme neuf","og_url":"https:\/\/www.lepiscinierdulignon.fr\/index.php\/remplacement-du-liner\/","og_site_name":"Pisciniste du Lignon","article_modified_time":"2024-12-30T18:51:04+00:00","og_image":[{"url":"https:\/\/www.lepiscinierdulignon.fr\/wp-content\/uploads\/2024\/12\/WhatsApp-Image-2024-12-29-a-16.57.28_a7677332-1024x1024.jpg","type":"","width":"","height":""}],"twitter_card":"summary_large_image","twitter_misc":{"Dur\u00e9e de lecture estim\u00e9e":"1 minute"},"schema":{"@context":"https:\/\/schema.org","@graph":[{"@type":"WebPage","@id":"https:\/\/www.lepiscinierdulignon.fr\/index.php\/remplacement-du-liner\/","url":"https:\/\/www.lepiscinierdulignon.fr\/index.php\/remplacement-du-liner\/","name":"Le Piscinier du Lignon - Remplacement du Liner","isPartOf":{"@id":"https:\/\/www.lepiscinierdulignon.fr\/#website"},"primaryImageOfPage":{"@id":"https:\/\/www.lepiscinierdulignon.fr\/index.php\/remplacement-du-liner\/#primaryimage"},"image":{"@id":"https:\/\/www.lepiscinierdulignon.fr\/index.php\/remplacement-du-liner\/#primaryimage"},"thumbnailUrl":"https:\/\/www.lepiscinierdulignon.fr\/wp-content\/uploads\/2024\/12\/WhatsApp-Image-2024-12-29-a-16.57.28_a7677332-1024x1024.jpg","datePublished":"2024-12-29T18:13:49+00:00","dateModified":"2024-12-30T18:51:04+00:00","description":"Redonnez vie \u00e0 votre piscine avec un nouveau liner : \u00e9tanch\u00e9it\u00e9, esth\u00e9tique et durabilit\u00e9 pour un bassin comme neuf","breadcrumb":{"@id":"https:\/\/www.lepiscinierdulignon.fr\/index.php\/remplacement-du-liner\/#breadcrumb"},"inLanguage":"fr-FR","potentialAction":[{"@type":"ReadAction","target":["https:\/\/www.lepiscinierdulignon.fr\/index.php\/remplacement-du-liner\/"]}]},{"@type":"ImageObject","inLanguage":"fr-FR","@id":"https:\/\/www.lepiscinierdulignon.fr\/index.php\/remplacement-du-liner\/#primaryimage","url":"https:\/\/www.lepiscinierdulignon.fr\/wp-content\/uploads\/2024\/12\/WhatsApp-Image-2024-12-29-a-16.57.28_a7677332.jpg","contentUrl":"https:\/\/www.lepiscinierdulignon.fr\/wp-content\/uploads\/2024\/12\/WhatsApp-Image-2024-12-29-a-16.57.28_a7677332.jpg","width":2048,"height":2048,"caption":"remplacement Liner"},{"@type":"BreadcrumbList","@id":"https:\/\/www.lepiscinierdulignon.fr\/index.php\/remplacement-du-liner\/#breadcrumb","itemListElement":[{"@type":"ListItem","position":1,"name":"Accueil","item":"https:\/\/www.lepiscinierdulignon.fr\/"},{"@type":"ListItem","position":2,"name":"Remplacement du liner"}]},{"@type":"WebSite","@id":"https:\/\/www.lepiscinierdulignon.fr\/#website","url":"https:\/\/www.lepiscinierdulignon.fr\/","name":"Pisciniste du Lignon","description":"","publisher":{"@id":"https:\/\/www.lepiscinierdulignon.fr\/#organization"},"potentialAction":[{"@type":"SearchAction","target":{"@type":"EntryPoint","urlTemplate":"https:\/\/www.lepiscinierdulignon.fr\/?s={search_term_string}"},"query-input":{"@type":"PropertyValueSpecification","valueRequired":true,"valueName":"search_term_string"}}],"inLanguage":"fr-FR"},{"@type":"Organization","@id":"https:\/\/www.lepiscinierdulignon.fr\/#organization","name":"Pisciniste du Lignon","url":"https:\/\/www.lepiscinierdulignon.fr\/","logo":{"@type":"ImageObject","inLanguage":"fr-FR","@id":"https:\/\/www.lepiscinierdulignon.fr\/#\/schema\/logo\/image\/","url":"https:\/\/www.lepiscinierdulignon.fr\/wp-content\/uploads\/2024\/12\/cropped-1902-LPDL-logo-ok-modifie-1.png","contentUrl":"https:\/\/www.lepiscinierdulignon.fr\/wp-content\/uploads\/2024\/12\/cropped-1902-LPDL-logo-ok-modifie-1.png","width":1162,"height":1082,"caption":"Pisciniste du Lignon"},"image":{"@id":"https:\/\/www.lepiscinierdulignon.fr\/#\/schema\/logo\/image\/"}}]}},"_links":{"self":[{"href":"https:\/\/www.lepiscinierdulignon.fr\/index.php\/wp-json\/wp\/v2\/pages\/991","targetHints":{"allow":["GET"]}}],"collection":[{"href":"https:\/\/www.lepiscinierdulignon.fr\/index.php\/wp-json\/wp\/v2\/pages"}],"about":[{"href":"https:\/\/www.lepiscinierdulignon.fr\/index.php\/wp-json\/wp\/v2\/types\/page"}],"author":[{"embeddable":true,"href":"https:\/\/www.lepiscinierdulignon.fr\/index.php\/wp-json\/wp\/v2\/users\/1"}],"replies":[{"embeddable":true,"href":"https:\/\/www.lepiscinierdulignon.fr\/index.php\/wp-json\/wp\/v2\/comments?post=991"}],"version-history":[{"count":36,"href":"https:\/\/www.lepiscinierdulignon.fr\/index.php\/wp-json\/wp\/v2\/pages\/991\/revisions"}],"predecessor-version":[{"id":1270,"href":"https:\/\/www.lepiscinierdulignon.fr\/index.php\/wp-json\/wp\/v2\/pages\/991\/revisions\/1270"}],"wp:attachment":[{"href":"https:\/\/www.lepiscinierdulignon.fr\/index.php\/wp-json\/wp\/v2\/media?parent=991"}],"curies":[{"name":"wp","href":"https:\/\/api.w.org\/{rel}","templated":true}]}}